{"id":295,"date":"2023-04-27T10:30:50","date_gmt":"2023-04-27T09:30:50","guid":{"rendered":"https:\/\/www.march-promotion.net\/?page_id=295"},"modified":"2023-05-12T09:43:58","modified_gmt":"2023-05-12T08:43:58","slug":"projets","status":"publish","type":"page","link":"https:\/\/www.march-promotion.net\/index.php\/projets\/","title":{"rendered":"Projets"},"content":{"rendered":"\n<figure class=\"wp-block-image size-full\"><a href=\"https:\/\/www.march-promotion.net\/wp-content\/uploads\/ligne.png\"><img loading=\"lazy\" decoding=\"async\" width=\"1024\" height=\"1\" src=\"https:\/\/www.march-promotion.net\/wp-content\/uploads\/ligne.png\" alt=\"\" class=\"wp-image-349\" srcset=\"https:\/\/www.march-promotion.net\/wp-content\/uploads\/ligne.png 1024w, https:\/\/www.march-promotion.net\/wp-content\/uploads\/ligne-300x1.png 300w, https:\/\/www.march-promotion.net\/wp-content\/uploads\/ligne-150x1.png 150w, https:\/\/www.march-promotion.net\/wp-content\/uploads\/ligne-768x1.png 768w, https:\/\/www.march-promotion.net\/wp-content\/uploads\/ligne-400x1.png 400w\" sizes=\"auto, (max-width: 1024px) 100vw, 1024px\" \/><\/a><\/figure>\n\n\n\n<h2 class=\"wp-block-heading\">LE MAS DU RIOU<\/h2>\n\n\n\n<div class=\"wp-block-media-text alignwide is-stacked-on-mobile\"><figure class=\"wp-block-media-text__media\"><img loading=\"lazy\" decoding=\"async\" width=\"1024\" height=\"576\" src=\"https:\/\/www.march-promotion.net\/wp-content\/uploads\/masDeRiou000-1024x576.png\" alt=\"\" class=\"wp-image-298 size-full\" srcset=\"https:\/\/www.march-promotion.net\/wp-content\/uploads\/masDeRiou000-1024x576.png 1024w, https:\/\/www.march-promotion.net\/wp-content\/uploads\/masDeRiou000-300x169.png 300w, https:\/\/www.march-promotion.net\/wp-content\/uploads\/masDeRiou000-768x432.png 768w, https:\/\/www.march-promotion.net\/wp-content\/uploads\/masDeRiou000-1536x864.png 1536w, https:\/\/www.march-promotion.net\/wp-content\/uploads\/masDeRiou000.png 1920w\" sizes=\"auto, (max-width: 1024px) 100vw, 1024px\" \/><\/figure><div class=\"wp-block-media-text__content\">\n<p>Avec un emplacement privil\u00e9gi\u00e9 en retrait de la rue et des grands espaces verts, cette r\u00e9sidence de standing de 6 logements du T2 au T3 offrira \u00e0 ses habitants un cadre de vie agr\u00e9able, proche de la plage et de CANNES&#8230;.<\/p>\n\n\n\n<p class=\"has-text-align-right\"><a href=\"https:\/\/www.march-promotion.net\/index.php\/mas-du-riou\/\">en savoir plus<\/a><\/p>\n<\/div><\/div>\n\n\n\n<figure class=\"wp-block-image size-full\"><a href=\"https:\/\/www.march-promotion.net\/wp-content\/uploads\/ligne.png\"><img loading=\"lazy\" decoding=\"async\" width=\"1024\" height=\"1\" src=\"https:\/\/www.march-promotion.net\/wp-content\/uploads\/ligne.png\" alt=\"\" class=\"wp-image-349\" srcset=\"https:\/\/www.march-promotion.net\/wp-content\/uploads\/ligne.png 1024w, https:\/\/www.march-promotion.net\/wp-content\/uploads\/ligne-300x1.png 300w, https:\/\/www.march-promotion.net\/wp-content\/uploads\/ligne-150x1.png 150w, https:\/\/www.march-promotion.net\/wp-content\/uploads\/ligne-768x1.png 768w, https:\/\/www.march-promotion.net\/wp-content\/uploads\/ligne-400x1.png 400w\" sizes=\"auto, (max-width: 1024px) 100vw, 1024px\" \/><\/a><\/figure>\n\n\n\n<h2 class=\"wp-block-heading\">LES JARDINS D\u2019HORACE<\/h2>\n\n\n\n<div class=\"wp-block-media-text alignwide is-stacked-on-mobile\"><figure class=\"wp-block-media-text__media\"><img loading=\"lazy\" decoding=\"async\" width=\"1024\" height=\"563\" src=\"https:\/\/www.march-promotion.net\/wp-content\/uploads\/Image2-1024x563.jpg\" alt=\"\" class=\"wp-image-303 size-full\" srcset=\"https:\/\/www.march-promotion.net\/wp-content\/uploads\/Image2-1024x563.jpg 1024w, https:\/\/www.march-promotion.net\/wp-content\/uploads\/Image2-300x165.jpg 300w, https:\/\/www.march-promotion.net\/wp-content\/uploads\/Image2-768x422.jpg 768w, https:\/\/www.march-promotion.net\/wp-content\/uploads\/Image2-1536x845.jpg 1536w, https:\/\/www.march-promotion.net\/wp-content\/uploads\/Image2.jpg 1656w\" sizes=\"auto, (max-width: 1024px) 100vw, 1024px\" \/><\/figure><div class=\"wp-block-media-text__content\">\n<p class=\"has-text-align-left\">La r\u00e9sidence \u00ab Les jardins d\u2019Horace \u00bb est situ\u00e9e lieu-dit San Guiseppu sur la commune de PROPRIANO en Corse du Sud&#8230;.<\/p>\n\n\n\n<p class=\"has-text-align-right\"><a href=\"https:\/\/www.march-promotion.net\/wp-content\/uploads\/PLAQUETTE-COMMERCIALE-LES-JARDINS-DHORACE-PROPRIANO.pdf\" target=\"_blank\" rel=\"noreferrer noopener\">en savoir plus<\/a><\/p>\n<\/div><\/div>\n\n\n\n<figure class=\"wp-block-image size-full\"><a href=\"https:\/\/www.march-promotion.net\/wp-content\/uploads\/ligne.png\"><img loading=\"lazy\" decoding=\"async\" width=\"1024\" height=\"1\" src=\"https:\/\/www.march-promotion.net\/wp-content\/uploads\/ligne.png\" alt=\"\" class=\"wp-image-349\" srcset=\"https:\/\/www.march-promotion.net\/wp-content\/uploads\/ligne.png 1024w, https:\/\/www.march-promotion.net\/wp-content\/uploads\/ligne-300x1.png 300w, https:\/\/www.march-promotion.net\/wp-content\/uploads\/ligne-150x1.png 150w, https:\/\/www.march-promotion.net\/wp-content\/uploads\/ligne-768x1.png 768w, https:\/\/www.march-promotion.net\/wp-content\/uploads\/ligne-400x1.png 400w\" sizes=\"auto, (max-width: 1024px) 100vw, 1024px\" \/><\/a><\/figure>\n\n\n\n<p><\/p>\n\n\n\n<h2 class=\"wp-block-heading\">LE CARR\u00c9 LUMI\u00c8RE<\/h2>\n\n\n\n<div class=\"wp-block-media-text alignwide is-stacked-on-mobile\"><figure class=\"wp-block-media-text__media\"><img loading=\"lazy\" decoding=\"async\" width=\"1024\" height=\"576\" src=\"https:\/\/www.march-promotion.net\/wp-content\/uploads\/vue_0534-1024x576.jpg\" alt=\"\" class=\"wp-image-179 size-full\" srcset=\"https:\/\/www.march-promotion.net\/wp-content\/uploads\/vue_0534-1024x576.jpg 1024w, https:\/\/www.march-promotion.net\/wp-content\/uploads\/vue_0534-300x169.jpg 300w, https:\/\/www.march-promotion.net\/wp-content\/uploads\/vue_0534-768x432.jpg 768w, https:\/\/www.march-promotion.net\/wp-content\/uploads\/vue_0534.jpg 1920w\" sizes=\"auto, (max-width: 1024px) 100vw, 1024px\" \/><\/figure><div class=\"wp-block-media-text__content\">\n<p>1725m\u00b2 de bureaux divisibles sur trois niveaux en bordure de la RN 7.<br>Au coeur du &#8230;..<\/p>\n\n\n\n<p class=\"has-text-align-right\"><a href=\"https:\/\/www.march-promotion.net\/index.php\/espro-immeuble-de-bureaux\/\">en savoir plus<\/a><\/p>\n<\/div><\/div>\n\n\n\n<figure class=\"wp-block-image size-full\"><a href=\"https:\/\/www.march-promotion.net\/wp-content\/uploads\/ligne.png\"><img loading=\"lazy\" decoding=\"async\" width=\"1024\" height=\"1\" src=\"https:\/\/www.march-promotion.net\/wp-content\/uploads\/ligne.png\" alt=\"\" class=\"wp-image-349\" srcset=\"https:\/\/www.march-promotion.net\/wp-content\/uploads\/ligne.png 1024w, https:\/\/www.march-promotion.net\/wp-content\/uploads\/ligne-300x1.png 300w, https:\/\/www.march-promotion.net\/wp-content\/uploads\/ligne-150x1.png 150w, https:\/\/www.march-promotion.net\/wp-content\/uploads\/ligne-768x1.png 768w, https:\/\/www.march-promotion.net\/wp-content\/uploads\/ligne-400x1.png 400w\" sizes=\"auto, (max-width: 1024px) 100vw, 1024px\" \/><\/a><\/figure>\n","protected":false},"excerpt":{"rendered":"<p>LE MAS DU RIOU Avec un emplacement privil\u00e9gi\u00e9 en retrait de la rue et des grands espaces verts, cette r\u00e9sidence de standing de 6 logements du T2 au T3 offrira \u00e0 ses habitants un cadre de vie agr\u00e9able, proche de la plage et de CANNES&#8230;. en savoir plus LES JARDINS D\u2019HORACE La r\u00e9sidence \u00ab Les jardins d\u2019Horace \u00bb est situ\u00e9e lieu-dit San Guiseppu sur la commune de PROPRIANO en Corse du Sud&#8230;. en savoir plus LE CARR\u00c9 LUMI\u00c8RE 1725m\u00b2 de&hellip;<\/p>\n","protected":false},"author":1,"featured_media":0,"parent":0,"menu_order":0,"comment_status":"closed","ping_status":"closed","template":"","meta":{"ngg_post_thumbnail":0,"footnotes":""},"class_list":["post-295","page","type-page","status-publish","hentry"],"_links":{"self":[{"href":"https:\/\/www.march-promotion.net\/index.php\/wp-json\/wp\/v2\/pages\/295","targetHints":{"allow":["GET"]}}],"collection":[{"href":"https:\/\/www.march-promotion.net\/index.php\/wp-json\/wp\/v2\/pages"}],"about":[{"href":"https:\/\/www.march-promotion.net\/index.php\/wp-json\/wp\/v2\/types\/page"}],"author":[{"embeddable":true,"href":"https:\/\/www.march-promotion.net\/index.php\/wp-json\/wp\/v2\/users\/1"}],"replies":[{"embeddable":true,"href":"https:\/\/www.march-promotion.net\/index.php\/wp-json\/wp\/v2\/comments?post=295"}],"version-history":[{"count":8,"href":"https:\/\/www.march-promotion.net\/index.php\/wp-json\/wp\/v2\/pages\/295\/revisions"}],"predecessor-version":[{"id":519,"href":"https:\/\/www.march-promotion.net\/index.php\/wp-json\/wp\/v2\/pages\/295\/revisions\/519"}],"wp:attachment":[{"href":"https:\/\/www.march-promotion.net\/index.php\/wp-json\/wp\/v2\/media?parent=295"}],"curies":[{"name":"wp","href":"https:\/\/api.w.org\/{rel}","templated":true}]}}